{"id":272,"date":"2025-10-09T11:10:06","date_gmt":"2025-10-09T11:10:06","guid":{"rendered":"https:\/\/mofficestudios.com\/?page_id=272"},"modified":"2026-04-06T16:47:28","modified_gmt":"2026-04-06T16:47:28","slug":"clients","status":"publish","type":"page","link":"https:\/\/mofficestudios.com\/pt\/clients\/","title":{"rendered":"CLIENTS"},"content":{"rendered":"<div data-elementor-type=\"wp-page\" data-elementor-id=\"272\" class=\"elementor elementor-272\" data-elementor-post-type=\"page\">\n\t\t\t\t<div class=\"elementor-element elementor-element-d51fed9 elementor-hidden-tablet elementor-hidden-mobile e-flex e-con-boxed e-con e-parent\" data-id=\"d51fed9\" data-element_type=\"container\" data-e-type=\"container\" data-settings=\"{&quot;background_background&quot;:&quot;slideshow&quot;,&quot;background_slideshow_gallery&quot;:[{&quot;id&quot;:1254,&quot;url&quot;:&quot;https:\\\/\\\/mofficestudios.com\\\/wp-content\\\/uploads\\\/clientes_16POR9-SITE_Artboard-8-01.webp&quot;},{&quot;id&quot;:1255,&quot;url&quot;:&quot;https:\\\/\\\/mofficestudios.com\\\/wp-content\\\/uploads\\\/clientes_16POR9-SITE_Artboard-8-02.webp&quot;},{&quot;id&quot;:1256,&quot;url&quot;:&quot;https:\\\/\\\/mofficestudios.com\\\/wp-content\\\/uploads\\\/clientes_16POR9-SITE_Artboard-8-03.webp&quot;},{&quot;id&quot;:1257,&quot;url&quot;:&quot;https:\\\/\\\/mofficestudios.com\\\/wp-content\\\/uploads\\\/clientes_16POR9-SITE_Artboard-8-04.webp&quot;},{&quot;id&quot;:1258,&quot;url&quot;:&quot;https:\\\/\\\/mofficestudios.com\\\/wp-content\\\/uploads\\\/clientes_16POR9-SITE_Artboard-8-05.webp&quot;},{&quot;id&quot;:1259,&quot;url&quot;:&quot;https:\\\/\\\/mofficestudios.com\\\/wp-content\\\/uploads\\\/clientes_16POR9-SITE_Artboard-8-06.webp&quot;},{&quot;id&quot;:1260,&quot;url&quot;:&quot;https:\\\/\\\/mofficestudios.com\\\/wp-content\\\/uploads\\\/clientes_16POR9-SITE_Artboard-8-07.webp&quot;},{&quot;id&quot;:1261,&quot;url&quot;:&quot;https:\\\/\\\/mofficestudios.com\\\/wp-content\\\/uploads\\\/clientes_16POR9-SITE_Artboard-8-08.webp&quot;},{&quot;id&quot;:1262,&quot;url&quot;:&quot;https:\\\/\\\/mofficestudios.com\\\/wp-content\\\/uploads\\\/clientes_16POR9-SITE_Artboard-8-09.webp&quot;},{&quot;id&quot;:1263,&quot;url&quot;:&quot;https:\\\/\\\/mofficestudios.com\\\/wp-content\\\/uploads\\\/clientes_16POR9-SITE_Artboard-8-10.webp&quot;},{&quot;id&quot;:1264,&quot;url&quot;:&quot;https:\\\/\\\/mofficestudios.com\\\/wp-content\\\/uploads\\\/clientes_16POR9-SITE_Artboard-8-11.webp&quot;},{&quot;id&quot;:1265,&quot;url&quot;:&quot;https:\\\/\\\/mofficestudios.com\\\/wp-content\\\/uploads\\\/clientes_16POR9-SITE_Artboard-8-12.webp&quot;}],&quot;background_slideshow_slide_duration&quot;:3000,&quot;background_slideshow_loop&quot;:&quot;yes&quot;,&quot;background_slideshow_slide_transition&quot;:&quot;fade&quot;,&quot;background_slideshow_transition_duration&quot;:500}\">\n\t\t\t\t\t<div class=\"e-con-inner\">\n\t\t\t\t\t<\/div>\n\t\t\t\t<\/div>\n\t\t<div class=\"elementor-element elementor-element-1f0d755 elementor-hidden-desktop elementor-hidden-laptop e-flex e-con-boxed e-con e-parent\" data-id=\"1f0d755\" data-element_type=\"container\" data-e-type=\"container\" data-settings=\"{&quot;background_background&quot;:&quot;slideshow&quot;,&quot;background_slideshow_gallery&quot;:[{&quot;id&quot;:1282,&quot;url&quot;:&quot;https:\\\/\\\/mofficestudios.com\\\/wp-content\\\/uploads\\\/9-POR-16__clientes-site_Artboard-8-13.webp&quot;},{&quot;id&quot;:1283,&quot;url&quot;:&quot;https:\\\/\\\/mofficestudios.com\\\/wp-content\\\/uploads\\\/9-POR-16__clientes-site_Artboard-8-14.webp&quot;},{&quot;id&quot;:1284,&quot;url&quot;:&quot;https:\\\/\\\/mofficestudios.com\\\/wp-content\\\/uploads\\\/9-POR-16__clientes-site_Artboard-8-15.webp&quot;},{&quot;id&quot;:1285,&quot;url&quot;:&quot;https:\\\/\\\/mofficestudios.com\\\/wp-content\\\/uploads\\\/9-POR-16__clientes-site_Artboard-8-16.webp&quot;},{&quot;id&quot;:1286,&quot;url&quot;:&quot;https:\\\/\\\/mofficestudios.com\\\/wp-content\\\/uploads\\\/9-POR-16__clientes-site_Artboard-8-17.webp&quot;},{&quot;id&quot;:1287,&quot;url&quot;:&quot;https:\\\/\\\/mofficestudios.com\\\/wp-content\\\/uploads\\\/9-POR-16__clientes-site_Artboard-8-18.webp&quot;},{&quot;id&quot;:1288,&quot;url&quot;:&quot;https:\\\/\\\/mofficestudios.com\\\/wp-content\\\/uploads\\\/9-POR-16__clientes-site_Artboard-8-19.webp&quot;},{&quot;id&quot;:1289,&quot;url&quot;:&quot;https:\\\/\\\/mofficestudios.com\\\/wp-content\\\/uploads\\\/9-POR-16__clientes-site_Artboard-8-20.webp&quot;},{&quot;id&quot;:1290,&quot;url&quot;:&quot;https:\\\/\\\/mofficestudios.com\\\/wp-content\\\/uploads\\\/9-POR-16__clientes-site_Artboard-8-21.webp&quot;},{&quot;id&quot;:1291,&quot;url&quot;:&quot;https:\\\/\\\/mofficestudios.com\\\/wp-content\\\/uploads\\\/9-POR-16__clientes-site_Artboard-8-22.webp&quot;},{&quot;id&quot;:1292,&quot;url&quot;:&quot;https:\\\/\\\/mofficestudios.com\\\/wp-content\\\/uploads\\\/9-POR-16__clientes-site_Artboard-8-23.webp&quot;},{&quot;id&quot;:1293,&quot;url&quot;:&quot;https:\\\/\\\/mofficestudios.com\\\/wp-content\\\/uploads\\\/9-POR-16__clientes-site_Artboard-8-24.webp&quot;}],&quot;background_slideshow_slide_duration&quot;:3000,&quot;background_slideshow_loop&quot;:&quot;yes&quot;,&quot;background_slideshow_slide_transition&quot;:&quot;fade&quot;,&quot;background_slideshow_transition_duration&quot;:500}\">\n\t\t\t\t\t<div class=\"e-con-inner\">\n\t\t\t\t\t<\/div>\n\t\t\t\t<\/div>\n\t\t<div class=\"elementor-element elementor-element-08ee7de e-con-full e-flex e-con e-parent\" data-id=\"08ee7de\" data-element_type=\"container\" data-e-type=\"container\" data-settings=\"{&quot;background_background&quot;:&quot;classic&quot;}\">\n\t\t\t\t<div class=\"elementor-element elementor-element-6e3274d elementor-widget elementor-widget-image-carousel\" data-id=\"6e3274d\" data-element_type=\"widget\" data-e-type=\"widget\" data-settings=\"{&quot;slides_to_show&quot;:&quot;7&quot;,&quot;slides_to_show_laptop&quot;:&quot;5&quot;,&quot;slides_to_show_tablet&quot;:&quot;5&quot;,&quot;slides_to_show_mobile&quot;:&quot;3&quot;,&quot;navigation&quot;:&quot;none&quot;,&quot;autoplay_speed&quot;:0,&quot;speed&quot;:8000,&quot;image_spacing_custom&quot;:{&quot;unit&quot;:&quot;px&quot;,&quot;size&quot;:100,&quot;sizes&quot;:[]},&quot;image_spacing_custom_laptop&quot;:{&quot;unit&quot;:&quot;px&quot;,&quot;size&quot;:100,&quot;sizes&quot;:[]},&quot;image_spacing_custom_tablet&quot;:{&quot;unit&quot;:&quot;px&quot;,&quot;size&quot;:70,&quot;sizes&quot;:[]},&quot;image_spacing_custom_mobile&quot;:{&quot;unit&quot;:&quot;px&quot;,&quot;size&quot;:50,&quot;sizes&quot;:[]},&quot;autoplay&quot;:&quot;yes&quot;,&quot;infinite&quot;:&quot;yes&quot;}\" data-widget_type=\"image-carousel.default\">\n\t\t\t\t\t\t\t<div class=\"elementor-image-carousel-wrapper swiper\" role=\"region\" aria-roledescription=\"carousel\" aria-label=\"Clients slider\" dir=\"ltr\">\n\t\t\t<div class=\"elementor-image-carousel swiper-wrapper\" aria-live=\"off\">\n\t\t\t\t\t\t\t\t<div class=\"swiper-slide\" role=\"group\" aria-roledescription=\"slide\" aria-label=\"1 of 26\"><figure class=\"swiper-slide-inner\"><img decoding=\"async\" class=\"swiper-slide-image\" src=\"https:\/\/mofficestudios.com\/wp-content\/uploads\/Logos_site_Ama.webp\" alt=\"Logos_site_Ama\" \/><\/figure><\/div><div class=\"swiper-slide\" role=\"group\" aria-roledescription=\"slide\" aria-label=\"2 of 26\"><figure class=\"swiper-slide-inner\"><img decoding=\"async\" class=\"swiper-slide-image\" src=\"https:\/\/mofficestudios.com\/wp-content\/uploads\/Logos_site_Artisani.webp\" alt=\"Logos_site_Artisani\" \/><\/figure><\/div><div class=\"swiper-slide\" role=\"group\" aria-roledescription=\"slide\" aria-label=\"3 of 26\"><figure class=\"swiper-slide-inner\"><img decoding=\"async\" class=\"swiper-slide-image\" src=\"https:\/\/mofficestudios.com\/wp-content\/uploads\/Logos_site_Bipolar.webp\" alt=\"Logos_site_Bipolar\" \/><\/figure><\/div><div class=\"swiper-slide\" role=\"group\" aria-roledescription=\"slide\" aria-label=\"4 of 26\"><figure class=\"swiper-slide-inner\"><img decoding=\"async\" class=\"swiper-slide-image\" src=\"https:\/\/mofficestudios.com\/wp-content\/uploads\/Logos_site_Bliss.webp\" alt=\"Logos_site_Bliss\" \/><\/figure><\/div><div class=\"swiper-slide\" role=\"group\" aria-roledescription=\"slide\" aria-label=\"5 of 26\"><figure class=\"swiper-slide-inner\"><img decoding=\"async\" class=\"swiper-slide-image\" src=\"https:\/\/mofficestudios.com\/wp-content\/uploads\/Logos_site_Confraria.webp\" alt=\"Logos_site_Confraria\" \/><\/figure><\/div><div class=\"swiper-slide\" role=\"group\" aria-roledescription=\"slide\" aria-label=\"6 of 26\"><figure class=\"swiper-slide-inner\"><img decoding=\"async\" class=\"swiper-slide-image\" src=\"https:\/\/mofficestudios.com\/wp-content\/uploads\/Logos_site_Contrabando.webp\" alt=\"Logos_site_Contrabando\" \/><\/figure><\/div><div class=\"swiper-slide\" role=\"group\" aria-roledescription=\"slide\" aria-label=\"7 of 26\"><figure class=\"swiper-slide-inner\"><img decoding=\"async\" class=\"swiper-slide-image\" src=\"https:\/\/mofficestudios.com\/wp-content\/uploads\/Logos_site_Este-oeste.webp\" alt=\"Logos_site_Este oeste\" \/><\/figure><\/div><div class=\"swiper-slide\" role=\"group\" aria-roledescription=\"slide\" aria-label=\"8 of 26\"><figure class=\"swiper-slide-inner\"><img decoding=\"async\" class=\"swiper-slide-image\" src=\"https:\/\/mofficestudios.com\/wp-content\/uploads\/Logos_site_Ferroviario.webp\" alt=\"Logos_site_Ferroviario\" \/><\/figure><\/div><div class=\"swiper-slide\" role=\"group\" aria-roledescription=\"slide\" aria-label=\"9 of 26\"><figure class=\"swiper-slide-inner\"><img decoding=\"async\" class=\"swiper-slide-image\" src=\"https:\/\/mofficestudios.com\/wp-content\/uploads\/Logos_site_Fontenova.webp\" alt=\"Logos_site_Fontenova\" \/><\/figure><\/div><div class=\"swiper-slide\" role=\"group\" aria-roledescription=\"slide\" aria-label=\"10 of 26\"><figure class=\"swiper-slide-inner\"><img decoding=\"async\" class=\"swiper-slide-image\" src=\"https:\/\/mofficestudios.com\/wp-content\/uploads\/Logos_site_Hikari.webp\" alt=\"Logos_site_Hikari\" \/><\/figure><\/div><div class=\"swiper-slide\" role=\"group\" aria-roledescription=\"slide\" aria-label=\"11 of 26\"><figure class=\"swiper-slide-inner\"><img decoding=\"async\" class=\"swiper-slide-image\" src=\"https:\/\/mofficestudios.com\/wp-content\/uploads\/Logos_site_La-senia.webp\" alt=\"Logos_site_La senia\" \/><\/figure><\/div><div class=\"swiper-slide\" role=\"group\" aria-roledescription=\"slide\" aria-label=\"12 of 26\"><figure class=\"swiper-slide-inner\"><img decoding=\"async\" class=\"swiper-slide-image\" src=\"https:\/\/mofficestudios.com\/wp-content\/uploads\/Logos_site_Lac.webp\" alt=\"Logos_site_Lac\" \/><\/figure><\/div><div class=\"swiper-slide\" role=\"group\" aria-roledescription=\"slide\" aria-label=\"13 of 26\"><figure class=\"swiper-slide-inner\"><img decoding=\"async\" class=\"swiper-slide-image\" src=\"https:\/\/mofficestudios.com\/wp-content\/uploads\/Logos_site_Lisboa-Rio.webp\" alt=\"Logos_site_Lisboa Rio\" \/><\/figure><\/div><div class=\"swiper-slide\" role=\"group\" aria-roledescription=\"slide\" aria-label=\"14 of 26\"><figure class=\"swiper-slide-inner\"><img decoding=\"async\" class=\"swiper-slide-image\" src=\"https:\/\/mofficestudios.com\/wp-content\/uploads\/Logos_site_Lorosae.webp\" alt=\"Logos_site_Lorosae\" \/><\/figure><\/div><div class=\"swiper-slide\" role=\"group\" aria-roledescription=\"slide\" aria-label=\"15 of 26\"><figure class=\"swiper-slide-inner\"><img decoding=\"async\" class=\"swiper-slide-image\" src=\"https:\/\/mofficestudios.com\/wp-content\/uploads\/Logos_site_Luar-da-Barra.webp\" alt=\"Logos_site_Luar da Barra\" \/><\/figure><\/div><div class=\"swiper-slide\" role=\"group\" aria-roledescription=\"slide\" aria-label=\"16 of 26\"><figure class=\"swiper-slide-inner\"><img decoding=\"async\" class=\"swiper-slide-image\" src=\"https:\/\/mofficestudios.com\/wp-content\/uploads\/Logos_site_Mama-Shelter.webp\" alt=\"Logos_site_Mama Shelter\" \/><\/figure><\/div><div class=\"swiper-slide\" role=\"group\" aria-roledescription=\"slide\" aria-label=\"17 of 26\"><figure class=\"swiper-slide-inner\"><img decoding=\"async\" class=\"swiper-slide-image\" src=\"https:\/\/mofficestudios.com\/wp-content\/uploads\/Logos_site_Mercado-de-Alges.webp\" alt=\"Logos_site_Mercado de Alges\" \/><\/figure><\/div><div class=\"swiper-slide\" role=\"group\" aria-roledescription=\"slide\" aria-label=\"18 of 26\"><figure class=\"swiper-slide-inner\"><img decoding=\"async\" class=\"swiper-slide-image\" src=\"https:\/\/mofficestudios.com\/wp-content\/uploads\/Logos_site_Mercado-Romeira.webp\" alt=\"Logos_site_Mercado Romeira\" \/><\/figure><\/div><div class=\"swiper-slide\" role=\"group\" aria-roledescription=\"slide\" aria-label=\"19 of 26\"><figure class=\"swiper-slide-inner\"><img decoding=\"async\" class=\"swiper-slide-image\" src=\"https:\/\/mofficestudios.com\/wp-content\/uploads\/Logos_site_MsApartments.webp\" alt=\"Logos_site_MsApartments\" \/><\/figure><\/div><div class=\"swiper-slide\" role=\"group\" aria-roledescription=\"slide\" aria-label=\"20 of 26\"><figure class=\"swiper-slide-inner\"><img decoding=\"async\" class=\"swiper-slide-image\" src=\"https:\/\/mofficestudios.com\/wp-content\/uploads\/Logos_site_Notalho.webp\" alt=\"Logos_site_Notalho\" \/><\/figure><\/div><div class=\"swiper-slide\" role=\"group\" aria-roledescription=\"slide\" aria-label=\"21 of 26\"><figure class=\"swiper-slide-inner\"><img decoding=\"async\" class=\"swiper-slide-image\" src=\"https:\/\/mofficestudios.com\/wp-content\/uploads\/Logos_site_Nunca.webp\" alt=\"Logos_site_Nunca\" \/><\/figure><\/div><div class=\"swiper-slide\" role=\"group\" aria-roledescription=\"slide\" aria-label=\"22 of 26\"><figure class=\"swiper-slide-inner\"><img decoding=\"async\" class=\"swiper-slide-image\" src=\"https:\/\/mofficestudios.com\/wp-content\/uploads\/Logos_site_SheerMe.webp\" alt=\"Logos_site_SheerMe\" \/><\/figure><\/div><div class=\"swiper-slide\" role=\"group\" aria-roledescription=\"slide\" aria-label=\"23 of 26\"><figure class=\"swiper-slide-inner\"><img decoding=\"async\" class=\"swiper-slide-image\" src=\"https:\/\/mofficestudios.com\/wp-content\/uploads\/Logos_site_Soi.webp\" alt=\"Logos_site_Soi\" \/><\/figure><\/div><div class=\"swiper-slide\" role=\"group\" aria-roledescription=\"slide\" aria-label=\"24 of 26\"><figure class=\"swiper-slide-inner\"><img decoding=\"async\" class=\"swiper-slide-image\" src=\"https:\/\/mofficestudios.com\/wp-content\/uploads\/Logos_site_Tre-bambu.webp\" alt=\"Logos_site_Tre bambu\" \/><\/figure><\/div><div class=\"swiper-slide\" role=\"group\" aria-roledescription=\"slide\" aria-label=\"25 of 26\"><figure class=\"swiper-slide-inner\"><img decoding=\"async\" class=\"swiper-slide-image\" src=\"https:\/\/mofficestudios.com\/wp-content\/uploads\/Logos_site-06.webp\" alt=\"Logos_site-06\" \/><\/figure><\/div><div class=\"swiper-slide\" role=\"group\" aria-roledescription=\"slide\" aria-label=\"26 of 26\"><figure class=\"swiper-slide-inner\"><img decoding=\"async\" class=\"swiper-slide-image\" src=\"https:\/\/mofficestudios.com\/wp-content\/uploads\/Logos_site-07.webp\" alt=\"Logos_site-07\" \/><\/figure><\/div>\t\t\t<\/div>\n\t\t\t\t\t\t\t\n\t\t\t\t\t\t\t\t\t<\/div>\n\t\t\t\t\t\t<\/div>\n\t\t\t\t<\/div>\n\t\t<div class=\"elementor-element elementor-element-44cd99b e-flex e-con-boxed e-con e-parent\" data-id=\"44cd99b\" data-element_type=\"container\" data-e-type=\"container\" data-settings=\"{&quot;background_background&quot;:&quot;classic&quot;}\">\n\t\t\t\t\t<div class=\"e-con-inner\">\n\t\t\t\t<div class=\"elementor-element elementor-element-a5a7628 elementor-widget elementor-widget-heading\" data-id=\"a5a7628\" data-element_type=\"widget\" data-e-type=\"widget\" data-widget_type=\"heading.default\">\n\t\t\t\t\t<h1 class=\"elementor-heading-title elementor-size-default\">Clientes<\/h1>\t\t\t\t<\/div>\n\t\t\t\t<div class=\"elementor-element elementor-element-e2ecae1 elementor-widget__width-initial elementor-testimonial--skin-default elementor-testimonial--layout-image_inline elementor-testimonial--align-center elementor-pagination-type-bullets elementor-widget elementor-widget-testimonial-carousel\" data-id=\"e2ecae1\" data-element_type=\"widget\" data-e-type=\"widget\" data-settings=\"{&quot;pagination&quot;:&quot;bullets&quot;,&quot;speed&quot;:500,&quot;autoplay&quot;:&quot;yes&quot;,&quot;autoplay_speed&quot;:5000,&quot;loop&quot;:&quot;yes&quot;,&quot;pause_on_hover&quot;:&quot;yes&quot;,&quot;pause_on_interaction&quot;:&quot;yes&quot;,&quot;space_between&quot;:{&quot;unit&quot;:&quot;px&quot;,&quot;size&quot;:10,&quot;sizes&quot;:[]},&quot;space_between_laptop&quot;:{&quot;unit&quot;:&quot;px&quot;,&quot;size&quot;:10,&quot;sizes&quot;:[]},&quot;space_between_tablet&quot;:{&quot;unit&quot;:&quot;px&quot;,&quot;size&quot;:10,&quot;sizes&quot;:[]},&quot;space_between_mobile&quot;:{&quot;unit&quot;:&quot;px&quot;,&quot;size&quot;:10,&quot;sizes&quot;:[]}}\" data-widget_type=\"testimonial-carousel.default\">\n\t\t\t\t\t\t\t\t\t\t<div class=\"elementor-main-swiper swiper\" role=\"region\" aria-roledescription=\"carousel\" aria-label=\"Slides\">\r\n\t\t\t\t<div class=\"swiper-wrapper\">\r\n\t\t\t\t\t\t\t\t\t\t\t<div class=\"swiper-slide\" role=\"group\" aria-roledescription=\"slide\">\r\n\t\t\t\t\t\t\t\t\t<div class=\"elementor-testimonial\">\r\n\t\t\t\t\t\t\t<div class=\"elementor-testimonial__content\">\r\n\t\t\t\t\t<div class=\"elementor-testimonial__text\">\r\n\t\t\t\t\t\t\u201cDesde o primeiro contacto, sentimos que a vossa equipa estava totalmente comprometida com o sucesso do nosso projeto. Valorizamos a vossa flexibilidade e o empenho constante em garantir que as solu\u00e7\u00f5es serviam os nossos objetivos. \u00c9 uma parceria de confian\u00e7a que recomendamos vivamente pela qualidade do acompanhamento e pelos resultados alcan\u00e7ados.\u201d\t\t\t\t\t<\/div>\r\n\t\t\t\t\t\t\t\t\t<\/div>\r\n\t\t\t\t\t\t<div class=\"elementor-testimonial__footer\">\r\n\t\t\t\t\t\t\t\t\t<div class=\"elementor-testimonial__image\">\r\n\t\t\t\t\t\t<img decoding=\"async\" src=\"https:\/\/mofficestudios.com\/wp-content\/uploads\/Logos_site_Artisani.webp\" alt=\"\">\r\n\t\t\t\t\t\t\t\t\t\t\t<\/div>\r\n\t\t\t\t\t\t\t\t\t\t\t<\/div>\r\n\t\t<\/div>\r\n\t\t\t\t\t\t\t\t<\/div>\r\n\t\t\t\t\t\t\t\t\t\t\t<div class=\"swiper-slide\" role=\"group\" aria-roledescription=\"slide\">\r\n\t\t\t\t\t\t\t\t\t<div class=\"elementor-testimonial\">\r\n\t\t\t\t\t\t\t<div class=\"elementor-testimonial__content\">\r\n\t\t\t\t\t<div class=\"elementor-testimonial__text\">\r\n\t\t\t\t\t\t\u201cA vossa equipa soube captar com eleg\u00e2ncia a identidade da LAC, traduzindo o nosso rigor est\u00e9tico numa comunica\u00e7\u00e3o visual impec\u00e1vel. Valorizamos a vossa sensibilidade para o setor da beleza e a capacidade de alinhar cada campanha com os valores que defendemos. O resultado final elevou o nosso posicionamento e superou as nossas expectativas.\u201d\t\t\t\t\t<\/div>\r\n\t\t\t\t\t\t\t\t\t<\/div>\r\n\t\t\t\t\t\t<div class=\"elementor-testimonial__footer\">\r\n\t\t\t\t\t\t\t\t\t<div class=\"elementor-testimonial__image\">\r\n\t\t\t\t\t\t<img decoding=\"async\" src=\"https:\/\/mofficestudios.com\/wp-content\/uploads\/Logos_site_Confraria.webp\" alt=\"\">\r\n\t\t\t\t\t\t\t\t\t\t\t<\/div>\r\n\t\t\t\t\t\t\t\t\t\t\t<\/div>\r\n\t\t<\/div>\r\n\t\t\t\t\t\t\t\t<\/div>\r\n\t\t\t\t\t\t\t\t\t\t\t<div class=\"swiper-slide\" role=\"group\" aria-roledescription=\"slide\">\r\n\t\t\t\t\t\t\t\t\t<div class=\"elementor-testimonial\">\r\n\t\t\t\t\t\t\t<div class=\"elementor-testimonial__content\">\r\n\t\t\t\t\t<div class=\"elementor-testimonial__text\">\r\n\t\t\t\t\t\t\u201cAs campanhas desenvolvidas pela vossa equipa t\u00eam sido um motor essencial para a din\u00e2mica do Fontenova, trazendo resultados vis\u00edveis em cada \u00e9poca festiva. Valorizamos a vossa capacidade de criar conceitos que captam a aten\u00e7\u00e3o do p\u00fablico e que se traduzem em maior aflu\u00eancia ao centro. \u00c9 um trabalho que alia perfeitamente a criatividade \u00e0 rapidez de resposta que o calend\u00e1rio comercial exige.\u201d\t\t\t\t\t<\/div>\r\n\t\t\t\t\t\t\t\t\t<\/div>\r\n\t\t\t\t\t\t<div class=\"elementor-testimonial__footer\">\r\n\t\t\t\t\t\t\t\t\t<div class=\"elementor-testimonial__image\">\r\n\t\t\t\t\t\t<img decoding=\"async\" src=\"https:\/\/mofficestudios.com\/wp-content\/uploads\/Logos_site_Fontenova.webp\" alt=\"\">\r\n\t\t\t\t\t\t\t\t\t\t\t<\/div>\r\n\t\t\t\t\t\t\t\t\t\t\t<\/div>\r\n\t\t<\/div>\r\n\t\t\t\t\t\t\t\t<\/div>\r\n\t\t\t\t\t\t\t\t\t<\/div>\r\n\t\t\t\t\t\t\t\t\t\t\t\t\t\t\t\t\t\t\t\t<div class=\"swiper-pagination\"><\/div>\r\n\t\t\t\t\t\t\t\t\t\t\t\t<\/div>\r\n\t\t\t\t\t\t\t\t<\/div>\n\t\t\t\t\t<\/div>\n\t\t\t\t<\/div>\n\t\t\t\t<\/div>","protected":false},"excerpt":{"rendered":"<p>Clients \u201cFrom the very first contact, we felt that your team was fully committed to the success of our project. We value your flexibility and your constant dedication to ensuring that the solutions served our objectives. It is a partnership built on trust that we wholeheartedly recommend for the quality of the support and the [&hellip;]<\/p>","protected":false},"author":1,"featured_media":661,"parent":0,"menu_order":0,"comment_status":"closed","ping_status":"closed","template":"elementor_header_footer","meta":{"footnotes":""},"class_list":["post-272","page","type-page","status-publish","has-post-thumbnail","hentry"],"_links":{"self":[{"href":"https:\/\/mofficestudios.com\/pt\/wp-json\/wp\/v2\/pages\/272","targetHints":{"allow":["GET"]}}],"collection":[{"href":"https:\/\/mofficestudios.com\/pt\/wp-json\/wp\/v2\/pages"}],"about":[{"href":"https:\/\/mofficestudios.com\/pt\/wp-json\/wp\/v2\/types\/page"}],"author":[{"embeddable":true,"href":"https:\/\/mofficestudios.com\/pt\/wp-json\/wp\/v2\/users\/1"}],"replies":[{"embeddable":true,"href":"https:\/\/mofficestudios.com\/pt\/wp-json\/wp\/v2\/comments?post=272"}],"version-history":[{"count":77,"href":"https:\/\/mofficestudios.com\/pt\/wp-json\/wp\/v2\/pages\/272\/revisions"}],"predecessor-version":[{"id":1317,"href":"https:\/\/mofficestudios.com\/pt\/wp-json\/wp\/v2\/pages\/272\/revisions\/1317"}],"wp:featuredmedia":[{"embeddable":true,"href":"https:\/\/mofficestudios.com\/pt\/wp-json\/wp\/v2\/media\/661"}],"wp:attachment":[{"href":"https:\/\/mofficestudios.com\/pt\/wp-json\/wp\/v2\/media?parent=272"}],"curies":[{"name":"wp","href":"https:\/\/api.w.org\/{rel}","templated":true}]}}